{"id":24,"date":"2025-09-04T10:08:13","date_gmt":"2025-09-04T10:08:13","guid":{"rendered":"https:\/\/izensalud20250904.rkinformatika.online\/?page_id=24"},"modified":"2026-02-04T09:25:43","modified_gmt":"2026-02-04T09:25:43","slug":"fitoterapia","status":"publish","type":"page","link":"https:\/\/izensalud.com\/eu\/fitoterapia\/","title":{"rendered":"Fitoterapia"},"content":{"rendered":"<div data-elementor-type=\"wp-page\" data-elementor-id=\"24\" class=\"elementor elementor-24\" data-elementor-post-type=\"page\">\n\t\t\t\t<div class=\"elementor-element elementor-element-b430770 e-flex e-con-boxed e-con e-parent\" data-id=\"b430770\" data-element_type=\"container\" data-e-type=\"container\" data-settings=\"{&quot;background_background&quot;:&quot;classic&quot;}\">\n\t\t\t\t\t<div class=\"e-con-inner\">\n\t\t\t\t<div class=\"elementor-element elementor-element-2c1d3ca elementor-invisible elementor-widget elementor-widget-heading\" data-id=\"2c1d3ca\" data-element_type=\"widget\" data-e-type=\"widget\" data-settings=\"{&quot;_animation&quot;:&quot;fadeInRight&quot;}\" data-widget_type=\"heading.default\">\n\t\t\t\t\t<h2 class=\"elementor-heading-title elementor-size-default\">Fitoterapia<\/h2>\t\t\t\t<\/div>\n\t\t\t\t\t<\/div>\n\t\t\t\t<\/div>\n\t\t<div class=\"elementor-element elementor-element-412f92a e-flex e-con-boxed e-con e-parent\" data-id=\"412f92a\" data-element_type=\"container\" data-e-type=\"container\">\n\t\t\t\t\t<div class=\"e-con-inner\">\n\t\t<div class=\"elementor-element elementor-element-a0c7c52 e-con-full e-flex e-con e-child\" data-id=\"a0c7c52\" data-element_type=\"container\" data-e-type=\"container\">\n\t\t\t\t<div class=\"elementor-element elementor-element-8b4e7ed elementor-widget elementor-widget-heading\" data-id=\"8b4e7ed\" data-element_type=\"widget\" data-e-type=\"widget\" data-widget_type=\"heading.default\">\n\t\t\t\t\t<h2 class=\"elementor-heading-title elementor-size-default\">La fuerza de las plantas<\/h2>\t\t\t\t<\/div>\n\t\t\t\t<div class=\"elementor-element elementor-element-9180ad7 elementor-widget elementor-widget-text-editor\" data-id=\"9180ad7\" data-element_type=\"widget\" data-e-type=\"widget\" data-widget_type=\"text-editor.default\">\n\t\t\t\t\t\t\t\t\t<p>Las plantas contienen una sabidur\u00eda profunda. Saben adaptarse a cada estaci\u00f3n, cuando florecer y cuando guardar su energ\u00eda en las ra\u00edces, manteniendo siempre una armon\u00eda perfecta en su entorno.<\/p><p>La fitoterapia se basa en aprovechar esta inteligencia natural. Mi enfoque consiste en observar m\u00e1s all\u00e1 de lo evidente. Trabajo para entender el origen del desequilibrio y as\u00ed seleccionar las plantas que mejor te apoyen para:<\/p><ul><li>Recuperar el equilibrio interno<\/li><li>Fortalecer el organismo de forma natural<\/li><li>Alcanzar el bienestar integral y sostenible.<\/li><\/ul><p>Utilizo las fuerza de vital de las plantas como una herramienta de acompa\u00f1amiento en tu camino hacia la salud, siempre respetando tu proceso individual.<\/p>\t\t\t\t\t\t\t\t<\/div>\n\t\t\t\t<\/div>\n\t\t\t\t\t<\/div>\n\t\t\t\t<\/div>\n\t\t<div class=\"elementor-element elementor-element-c5404ef e-flex e-con-boxed e-con e-parent\" data-id=\"c5404ef\" data-element_type=\"container\" data-e-type=\"container\">\n\t\t\t\t\t<div class=\"e-con-inner\">\n\t\t<div class=\"elementor-element elementor-element-302f6fc e-con-full e-flex e-con e-child\" data-id=\"302f6fc\" data-element_type=\"container\" data-e-type=\"container\" data-settings=\"{&quot;background_background&quot;:&quot;classic&quot;}\">\n\t\t\t\t<div class=\"elementor-element elementor-element-b9c57a3 elementor-widget elementor-widget-heading\" data-id=\"b9c57a3\" data-element_type=\"widget\" data-e-type=\"widget\" data-widget_type=\"heading.default\">\n\t\t\t\t\t<h2 class=\"elementor-heading-title elementor-size-default\">\u00bfTienes preguntas o quieres reservar una sesi\u00f3n?<\/h2>\t\t\t\t<\/div>\n\t\t\t\t<div class=\"elementor-element elementor-element-3cd008f elementor-widget elementor-widget-heading\" data-id=\"3cd008f\" data-element_type=\"widget\" data-e-type=\"widget\" data-widget_type=\"heading.default\">\n\t\t\t\t\t<h2 class=\"elementor-heading-title elementor-size-default\">Cont\u00e1ctanos para m\u00e1s info o agendar tu sesi\u00f3n.<\/h2>\t\t\t\t<\/div>\n\t\t\t\t<div class=\"elementor-element elementor-element-2c01f5f elementor-widget elementor-widget-button\" data-id=\"2c01f5f\" data-element_type=\"widget\" data-e-type=\"widget\" data-widget_type=\"button.default\">\n\t\t\t\t\t\t\t\t\t\t<a class=\"elementor-button elementor-button-link elementor-size-sm elementor-animation-wobble-horizontal\" href=\"\/eu\/contacto\/\">\n\t\t\t\t\t\t<span class=\"elementor-button-content-wrapper\">\n\t\t\t\t\t\t\t\t\t<span class=\"elementor-button-text\">Jarri gurekin harremanetan<\/span>\n\t\t\t\t\t<\/span>\n\t\t\t\t\t<\/a>\n\t\t\t\t\t\t\t\t<\/div>\n\t\t\t\t<\/div>\n\t\t\t\t\t<\/div>\n\t\t\t\t<\/div>\n\t\t\t\t<\/div>","protected":false},"excerpt":{"rendered":"<p>Fitoterapia La fuerza de las plantas Las plantas contienen una sabidur\u00eda profunda. Saben adaptarse a cada estaci\u00f3n, cuando florecer y cuando guardar su energ\u00eda en las ra\u00edces, manteniendo siempre una armon\u00eda perfecta en su entorno. La fitoterapia se basa en aprovechar esta inteligencia natural. Mi enfoque consiste en observar m\u00e1s all\u00e1 de lo evidente. Trabajo [&hellip;]<\/p>\n","protected":false},"author":1,"featured_media":0,"parent":0,"menu_order":0,"comment_status":"closed","ping_status":"closed","template":"elementor_canvas","meta":{"footnotes":""},"class_list":["post-24","page","type-page","status-publish","hentry"],"yoast_head":"<!-- This site is optimized with the Yoast SEO plugin v27.3 - https:\/\/yoast.com\/product\/yoast-seo-wordpress\/ -->\n<title>Fitoterapia - IZEN SALUD<\/title>\n<meta name=\"robots\" content=\"index, follow, max-snippet:-1, max-image-preview:large, max-video-preview:-1\" \/>\n<link rel=\"canonical\" href=\"https:\/\/izensalud.com\/eu\/fitoterapia\/\" \/>\n<meta property=\"og:locale\" content=\"en_US\" \/>\n<meta property=\"og:type\" content=\"article\" \/>\n<meta property=\"og:title\" content=\"Fitoterapia - IZEN SALUD\" \/>\n<meta property=\"og:description\" content=\"Fitoterapia La fuerza de las plantas Las plantas contienen una sabidur\u00eda profunda. Saben adaptarse a cada estaci\u00f3n, cuando florecer y cuando guardar su energ\u00eda en las ra\u00edces, manteniendo siempre una armon\u00eda perfecta en su entorno. La fitoterapia se basa en aprovechar esta inteligencia natural. Mi enfoque consiste en observar m\u00e1s all\u00e1 de lo evidente. Trabajo [&hellip;]\" \/>\n<meta property=\"og:url\" content=\"https:\/\/izensalud.com\/eu\/fitoterapia\/\" \/>\n<meta property=\"og:site_name\" content=\"IZEN SALUD\" \/>\n<meta property=\"article:modified_time\" content=\"2026-02-04T09:25:43+00:00\" \/>\n<meta name=\"twitter:card\" content=\"summary_large_image\" \/>\n<meta name=\"twitter:label1\" content=\"Est. reading time\" \/>\n\t<meta name=\"twitter:data1\" content=\"1 minutua\" \/>\n<script type=\"application\/ld+json\" class=\"yoast-schema-graph\">{\"@context\":\"https:\\\/\\\/schema.org\",\"@graph\":[{\"@type\":\"WebPage\",\"@id\":\"https:\\\/\\\/izensalud.com\\\/fitoterapia\\\/\",\"url\":\"https:\\\/\\\/izensalud.com\\\/fitoterapia\\\/\",\"name\":\"Fitoterapia - IZEN SALUD\",\"isPartOf\":{\"@id\":\"https:\\\/\\\/izensalud.com\\\/#website\"},\"datePublished\":\"2025-09-04T10:08:13+00:00\",\"dateModified\":\"2026-02-04T09:25:43+00:00\",\"breadcrumb\":{\"@id\":\"https:\\\/\\\/izensalud.com\\\/fitoterapia\\\/#breadcrumb\"},\"inLanguage\":\"eu\",\"potentialAction\":[{\"@type\":\"ReadAction\",\"target\":[\"https:\\\/\\\/izensalud.com\\\/fitoterapia\\\/\"]}]},{\"@type\":\"BreadcrumbList\",\"@id\":\"https:\\\/\\\/izensalud.com\\\/fitoterapia\\\/#breadcrumb\",\"itemListElement\":[{\"@type\":\"ListItem\",\"position\":1,\"name\":\"Portada\",\"item\":\"https:\\\/\\\/izensalud.com\\\/\"},{\"@type\":\"ListItem\",\"position\":2,\"name\":\"Fitoterapia\"}]},{\"@type\":\"WebSite\",\"@id\":\"https:\\\/\\\/izensalud.com\\\/#website\",\"url\":\"https:\\\/\\\/izensalud.com\\\/\",\"name\":\"IZEN SALUD\",\"description\":\"\",\"publisher\":{\"@id\":\"https:\\\/\\\/izensalud.com\\\/#organization\"},\"potentialAction\":[{\"@type\":\"SearchAction\",\"target\":{\"@type\":\"EntryPoint\",\"urlTemplate\":\"https:\\\/\\\/izensalud.com\\\/?s={search_term_string}\"},\"query-input\":{\"@type\":\"PropertyValueSpecification\",\"valueRequired\":true,\"valueName\":\"search_term_string\"}}],\"inLanguage\":\"eu\"},{\"@type\":\"Organization\",\"@id\":\"https:\\\/\\\/izensalud.com\\\/#organization\",\"name\":\"IZEN SALUD\",\"url\":\"https:\\\/\\\/izensalud.com\\\/\",\"logo\":{\"@type\":\"ImageObject\",\"inLanguage\":\"eu\",\"@id\":\"https:\\\/\\\/izensalud.com\\\/#\\\/schema\\\/logo\\\/image\\\/\",\"url\":\"https:\\\/\\\/izensalud.com\\\/wp-content\\\/uploads\\\/2025\\\/09\\\/cropped-cropped-Diseno-sin-titulo.png\",\"contentUrl\":\"https:\\\/\\\/izensalud.com\\\/wp-content\\\/uploads\\\/2025\\\/09\\\/cropped-cropped-Diseno-sin-titulo.png\",\"width\":354,\"height\":253,\"caption\":\"IZEN SALUD\"},\"image\":{\"@id\":\"https:\\\/\\\/izensalud.com\\\/#\\\/schema\\\/logo\\\/image\\\/\"}}]}<\/script>\n<!-- \/ Yoast SEO plugin. -->","yoast_head_json":{"title":"Fitoterapia - IZEN SALUD","robots":{"index":"index","follow":"follow","max-snippet":"max-snippet:-1","max-image-preview":"max-image-preview:large","max-video-preview":"max-video-preview:-1"},"canonical":"https:\/\/izensalud.com\/eu\/fitoterapia\/","og_locale":"en_US","og_type":"article","og_title":"Fitoterapia - IZEN SALUD","og_description":"Fitoterapia La fuerza de las plantas Las plantas contienen una sabidur\u00eda profunda. Saben adaptarse a cada estaci\u00f3n, cuando florecer y cuando guardar su energ\u00eda en las ra\u00edces, manteniendo siempre una armon\u00eda perfecta en su entorno. La fitoterapia se basa en aprovechar esta inteligencia natural. Mi enfoque consiste en observar m\u00e1s all\u00e1 de lo evidente. Trabajo [&hellip;]","og_url":"https:\/\/izensalud.com\/eu\/fitoterapia\/","og_site_name":"IZEN SALUD","article_modified_time":"2026-02-04T09:25:43+00:00","twitter_card":"summary_large_image","twitter_misc":{"Est. reading time":"1 minutua"},"schema":{"@context":"https:\/\/schema.org","@graph":[{"@type":"WebPage","@id":"https:\/\/izensalud.com\/fitoterapia\/","url":"https:\/\/izensalud.com\/fitoterapia\/","name":"Fitoterapia - IZEN SALUD","isPartOf":{"@id":"https:\/\/izensalud.com\/#website"},"datePublished":"2025-09-04T10:08:13+00:00","dateModified":"2026-02-04T09:25:43+00:00","breadcrumb":{"@id":"https:\/\/izensalud.com\/fitoterapia\/#breadcrumb"},"inLanguage":"eu","potentialAction":[{"@type":"ReadAction","target":["https:\/\/izensalud.com\/fitoterapia\/"]}]},{"@type":"BreadcrumbList","@id":"https:\/\/izensalud.com\/fitoterapia\/#breadcrumb","itemListElement":[{"@type":"ListItem","position":1,"name":"Portada","item":"https:\/\/izensalud.com\/"},{"@type":"ListItem","position":2,"name":"Fitoterapia"}]},{"@type":"WebSite","@id":"https:\/\/izensalud.com\/#website","url":"https:\/\/izensalud.com\/","name":"IZEN SALUD","description":"","publisher":{"@id":"https:\/\/izensalud.com\/#organization"},"potentialAction":[{"@type":"SearchAction","target":{"@type":"EntryPoint","urlTemplate":"https:\/\/izensalud.com\/?s={search_term_string}"},"query-input":{"@type":"PropertyValueSpecification","valueRequired":true,"valueName":"search_term_string"}}],"inLanguage":"eu"},{"@type":"Organization","@id":"https:\/\/izensalud.com\/#organization","name":"IZEN SALUD","url":"https:\/\/izensalud.com\/","logo":{"@type":"ImageObject","inLanguage":"eu","@id":"https:\/\/izensalud.com\/#\/schema\/logo\/image\/","url":"https:\/\/izensalud.com\/wp-content\/uploads\/2025\/09\/cropped-cropped-Diseno-sin-titulo.png","contentUrl":"https:\/\/izensalud.com\/wp-content\/uploads\/2025\/09\/cropped-cropped-Diseno-sin-titulo.png","width":354,"height":253,"caption":"IZEN SALUD"},"image":{"@id":"https:\/\/izensalud.com\/#\/schema\/logo\/image\/"}}]}},"_links":{"self":[{"href":"https:\/\/izensalud.com\/eu\/wp-json\/wp\/v2\/pages\/24","targetHints":{"allow":["GET"]}}],"collection":[{"href":"https:\/\/izensalud.com\/eu\/wp-json\/wp\/v2\/pages"}],"about":[{"href":"https:\/\/izensalud.com\/eu\/wp-json\/wp\/v2\/types\/page"}],"author":[{"embeddable":true,"href":"https:\/\/izensalud.com\/eu\/wp-json\/wp\/v2\/users\/1"}],"replies":[{"embeddable":true,"href":"https:\/\/izensalud.com\/eu\/wp-json\/wp\/v2\/comments?post=24"}],"version-history":[{"count":155,"href":"https:\/\/izensalud.com\/eu\/wp-json\/wp\/v2\/pages\/24\/revisions"}],"predecessor-version":[{"id":1549,"href":"https:\/\/izensalud.com\/eu\/wp-json\/wp\/v2\/pages\/24\/revisions\/1549"}],"wp:attachment":[{"href":"https:\/\/izensalud.com\/eu\/wp-json\/wp\/v2\/media?parent=24"}],"curies":[{"name":"wp","href":"https:\/\/api.w.org\/{rel}","templated":true}]}}