{"id":23,"date":"2025-09-04T10:07:59","date_gmt":"2025-09-04T10:07:59","guid":{"rendered":"https:\/\/izensalud20250904.rkinformatika.online\/?page_id=23"},"modified":"2026-02-04T09:29:25","modified_gmt":"2026-02-04T09:29:25","slug":"masaje-terapeutico","status":"publish","type":"page","link":"https:\/\/izensalud.com\/eu\/masaje-terapeutico\/","title":{"rendered":"Masaje terapeutikoa"},"content":{"rendered":"<div data-elementor-type=\"wp-page\" data-elementor-id=\"23\" class=\"elementor elementor-23\" data-elementor-post-type=\"page\">\n\t\t\t\t<div class=\"elementor-element elementor-element-f90b877 e-flex e-con-boxed e-con e-parent\" data-id=\"f90b877\" data-element_type=\"container\" data-e-type=\"container\" data-settings=\"{&quot;background_background&quot;:&quot;classic&quot;}\">\n\t\t\t\t\t<div class=\"e-con-inner\">\n\t\t\t\t<div class=\"elementor-element elementor-element-571e229 elementor-invisible elementor-widget elementor-widget-heading\" data-id=\"571e229\" data-element_type=\"widget\" data-e-type=\"widget\" data-settings=\"{&quot;_animation&quot;:&quot;fadeInRight&quot;}\" data-widget_type=\"heading.default\">\n\t\t\t\t\t<h2 class=\"elementor-heading-title elementor-size-default\">Masaje terapeutikoa<\/h2>\t\t\t\t<\/div>\n\t\t\t\t\t<\/div>\n\t\t\t\t<\/div>\n\t\t<div class=\"elementor-element elementor-element-f147523 e-flex e-con-boxed e-con e-parent\" data-id=\"f147523\" data-element_type=\"container\" data-e-type=\"container\">\n\t\t\t\t\t<div class=\"e-con-inner\">\n\t\t<div class=\"elementor-element elementor-element-491d029 e-con-full e-flex e-con e-child\" data-id=\"491d029\" data-element_type=\"container\" data-e-type=\"container\">\n\t\t\t\t<div class=\"elementor-element elementor-element-18a5f76 elementor-widget elementor-widget-heading\" data-id=\"18a5f76\" data-element_type=\"widget\" data-e-type=\"widget\" data-widget_type=\"heading.default\">\n\t\t\t\t\t<h2 class=\"elementor-heading-title elementor-size-default\">Descubre los beneficios de un masaje a tu medida.<\/h2>\t\t\t\t<\/div>\n\t\t\t\t<div class=\"elementor-element elementor-element-467cac9 elementor-widget elementor-widget-text-editor\" data-id=\"467cac9\" data-element_type=\"widget\" data-e-type=\"widget\" data-widget_type=\"text-editor.default\">\n\t\t\t\t\t\t\t\t\t<p data-start=\"181\" data-end=\"239\">El Masaje Terap\u00e9utico que ofrezco es una integraci\u00f3n de diferentes disciplinas, aplicando cada una en funci\u00f3n de tus necesidades espec\u00edficas. Utilizo t\u00e9cnicas de Shiatsu, Quiromasaje, Masaje Tuina para crear un masaje personalizado y efectivo.<\/p><p data-start=\"181\" data-end=\"239\">Un masaje terap\u00e9utico adecuado puede brindarte beneficios integrales, actuando a todos los niveles:<\/p>\t\t\t\t\t\t\t\t<\/div>\n\t\t<div class=\"elementor-element elementor-element-c388489 e-con-full e-flex e-con e-child\" data-id=\"c388489\" data-element_type=\"container\" data-e-type=\"container\">\n\t\t<div class=\"elementor-element elementor-element-8533a20 e-con-full e-flex e-con e-child\" data-id=\"8533a20\" data-element_type=\"container\" data-e-type=\"container\">\n\t\t\t\t<div class=\"elementor-element elementor-element-277e450 elementor-widget elementor-widget-heading\" data-id=\"277e450\" data-element_type=\"widget\" data-e-type=\"widget\" data-widget_type=\"heading.default\">\n\t\t\t\t\t<h3 class=\"elementor-heading-title elementor-size-default\">A nivel Muscular y Articular: <\/h3>\t\t\t\t<\/div>\n\t\t\t\t<div class=\"elementor-element elementor-element-334d33b elementor-icon-list--layout-traditional elementor-list-item-link-full_width elementor-widget elementor-widget-icon-list\" data-id=\"334d33b\" data-element_type=\"widget\" data-e-type=\"widget\" data-widget_type=\"icon-list.default\">\n\t\t\t\t\t\t\t<ul class=\"elementor-icon-list-items\">\n\t\t\t\t\t\t\t<li class=\"elementor-icon-list-item\">\n\t\t\t\t\t\t\t\t\t\t<span class=\"elementor-icon-list-text\">Alivia contracturas, puntos de dolor y sobrecargas<\/span>\n\t\t\t\t\t\t\t\t\t<\/li>\n\t\t\t\t\t\t\t\t<li class=\"elementor-icon-list-item\">\n\t\t\t\t\t\t\t\t\t\t<span class=\"elementor-icon-list-text\">Reduce la tensi\u00f3n muscular y aumenta la flexibilidad<\/span>\n\t\t\t\t\t\t\t\t\t<\/li>\n\t\t\t\t\t\t\t\t<li class=\"elementor-icon-list-item\">\n\t\t\t\t\t\t\t\t\t\t<span class=\"elementor-icon-list-text\">Mejora la movilidad articular <\/span>\n\t\t\t\t\t\t\t\t\t<\/li>\n\t\t\t\t\t\t<\/ul>\n\t\t\t\t\t\t<\/div>\n\t\t\t\t<\/div>\n\t\t<div class=\"elementor-element elementor-element-033856f e-con-full e-flex e-con e-child\" data-id=\"033856f\" data-element_type=\"container\" data-e-type=\"container\">\n\t\t\t\t<div class=\"elementor-element elementor-element-478a58e elementor-widget elementor-widget-heading\" data-id=\"478a58e\" data-element_type=\"widget\" data-e-type=\"widget\" data-widget_type=\"heading.default\">\n\t\t\t\t\t<h3 class=\"elementor-heading-title elementor-size-default\">A nivel Circulatorio y Linf\u00e1tico<\/h3>\t\t\t\t<\/div>\n\t\t\t\t<div class=\"elementor-element elementor-element-10a77d9 elementor-icon-list--layout-traditional elementor-list-item-link-full_width elementor-widget elementor-widget-icon-list\" data-id=\"10a77d9\" data-element_type=\"widget\" data-e-type=\"widget\" data-widget_type=\"icon-list.default\">\n\t\t\t\t\t\t\t<ul class=\"elementor-icon-list-items\">\n\t\t\t\t\t\t\t<li class=\"elementor-icon-list-item\">\n\t\t\t\t\t\t\t\t\t\t<span class=\"elementor-icon-list-text\">Mejora la circulaci\u00f3n sangu\u00ednea oxigenando los tejidos<\/span>\n\t\t\t\t\t\t\t\t\t<\/li>\n\t\t\t\t\t\t\t\t<li class=\"elementor-icon-list-item\">\n\t\t\t\t\t\t\t\t\t\t<span class=\"elementor-icon-list-text\">Favorece la eliminaci\u00f3n de toxinas<\/span>\n\t\t\t\t\t\t\t\t\t<\/li>\n\t\t\t\t\t\t\t\t<li class=\"elementor-icon-list-item\">\n\t\t\t\t\t\t\t\t\t\t<span class=\"elementor-icon-list-text\">Reduce la sensaci\u00f3n de piernas cansadas.<\/span>\n\t\t\t\t\t\t\t\t\t<\/li>\n\t\t\t\t\t\t<\/ul>\n\t\t\t\t\t\t<\/div>\n\t\t\t\t<\/div>\n\t\t\t\t<\/div>\n\t\t<div class=\"elementor-element elementor-element-9cb27e1 e-con-full e-flex e-con e-child\" data-id=\"9cb27e1\" data-element_type=\"container\" data-e-type=\"container\">\n\t\t<div class=\"elementor-element elementor-element-bbf2883 e-con-full e-flex e-con e-child\" data-id=\"bbf2883\" data-element_type=\"container\" data-e-type=\"container\">\n\t\t\t\t<div class=\"elementor-element elementor-element-431d78c elementor-widget elementor-widget-heading\" data-id=\"431d78c\" data-element_type=\"widget\" data-e-type=\"widget\" data-widget_type=\"heading.default\">\n\t\t\t\t\t<h3 class=\"elementor-heading-title elementor-size-default\">A nivel  de Sistema Nervioso:<\/h3>\t\t\t\t<\/div>\n\t\t\t\t<div class=\"elementor-element elementor-element-6d0b592 elementor-icon-list--layout-traditional elementor-list-item-link-full_width elementor-widget elementor-widget-icon-list\" data-id=\"6d0b592\" data-element_type=\"widget\" data-e-type=\"widget\" data-widget_type=\"icon-list.default\">\n\t\t\t\t\t\t\t<ul class=\"elementor-icon-list-items\">\n\t\t\t\t\t\t\t<li class=\"elementor-icon-list-item\">\n\t\t\t\t\t\t\t\t\t\t<span class=\"elementor-icon-list-text\">Disminuye el estr\u00e9s y la ansiedad<\/span>\n\t\t\t\t\t\t\t\t\t<\/li>\n\t\t\t\t\t\t\t\t<li class=\"elementor-icon-list-item\">\n\t\t\t\t\t\t\t\t\t\t<span class=\"elementor-icon-list-text\">Promueve un estado de calma y relajaci\u00f3n mental.<\/span>\n\t\t\t\t\t\t\t\t\t<\/li>\n\t\t\t\t\t\t\t\t<li class=\"elementor-icon-list-item\">\n\t\t\t\t\t\t\t\t\t\t<span class=\"elementor-icon-list-text\">Mejora la calidad del sue\u00f1o.<\/span>\n\t\t\t\t\t\t\t\t\t<\/li>\n\t\t\t\t\t\t<\/ul>\n\t\t\t\t\t\t<\/div>\n\t\t\t\t<\/div>\n\t\t<div class=\"elementor-element elementor-element-ce0ca9c e-con-full e-flex e-con e-child\" data-id=\"ce0ca9c\" data-element_type=\"container\" data-e-type=\"container\">\n\t\t\t\t<div class=\"elementor-element elementor-element-a734280 elementor-widget elementor-widget-heading\" data-id=\"a734280\" data-element_type=\"widget\" data-e-type=\"widget\" data-widget_type=\"heading.default\">\n\t\t\t\t\t<h3 class=\"elementor-heading-title elementor-size-default\">A nivel An\u00edmico y Energ\u00e9tico<\/h3>\t\t\t\t<\/div>\n\t\t\t\t<div class=\"elementor-element elementor-element-df84396 elementor-icon-list--layout-traditional elementor-list-item-link-full_width elementor-widget elementor-widget-icon-list\" data-id=\"df84396\" data-element_type=\"widget\" data-e-type=\"widget\" data-widget_type=\"icon-list.default\">\n\t\t\t\t\t\t\t<ul class=\"elementor-icon-list-items\">\n\t\t\t\t\t\t\t<li class=\"elementor-icon-list-item\">\n\t\t\t\t\t\t\t\t\t\t<span class=\"elementor-icon-list-text\">Libera endorfinas, combatiendo el estado de \u00e1nimo.<\/span>\n\t\t\t\t\t\t\t\t\t<\/li>\n\t\t\t\t\t\t\t\t<li class=\"elementor-icon-list-item\">\n\t\t\t\t\t\t\t\t\t\t<span class=\"elementor-icon-list-text\">Reequilibra la energ\u00eda del cuerpo, generando vitalidad <\/span>\n\t\t\t\t\t\t\t\t\t<\/li>\n\t\t\t\t\t\t\t\t<li class=\"elementor-icon-list-item\">\n\t\t\t\t\t\t\t\t\t\t<span class=\"elementor-icon-list-text\">Fomenta la conexi\u00f3n entre cuerpo y mente.<\/span>\n\t\t\t\t\t\t\t\t\t<\/li>\n\t\t\t\t\t\t<\/ul>\n\t\t\t\t\t\t<\/div>\n\t\t\t\t<\/div>\n\t\t\t\t<\/div>\n\t\t\t\t<\/div>\n\t\t\t\t\t<\/div>\n\t\t\t\t<\/div>\n\t\t<div class=\"elementor-element elementor-element-fce666f e-flex e-con-boxed e-con e-parent\" data-id=\"fce666f\" data-element_type=\"container\" data-e-type=\"container\">\n\t\t\t\t\t<div class=\"e-con-inner\">\n\t\t<div class=\"elementor-element elementor-element-3b40ba9 e-con-full e-flex e-con e-child\" data-id=\"3b40ba9\" data-element_type=\"container\" data-e-type=\"container\" data-settings=\"{&quot;background_background&quot;:&quot;classic&quot;}\">\n\t\t\t\t<div class=\"elementor-element elementor-element-9244e2a elementor-widget elementor-widget-heading\" data-id=\"9244e2a\" data-element_type=\"widget\" data-e-type=\"widget\" data-widget_type=\"heading.default\">\n\t\t\t\t\t<h2 class=\"elementor-heading-title elementor-size-default\">\u00bfTienes preguntas o quieres reservar una sesi\u00f3n?<\/h2>\t\t\t\t<\/div>\n\t\t\t\t<div class=\"elementor-element elementor-element-a116a61 elementor-widget elementor-widget-heading\" data-id=\"a116a61\" data-element_type=\"widget\" data-e-type=\"widget\" data-widget_type=\"heading.default\">\n\t\t\t\t\t<h2 class=\"elementor-heading-title elementor-size-default\">Cont\u00e1ctanos para m\u00e1s info o agendar tu sesi\u00f3n.<\/h2>\t\t\t\t<\/div>\n\t\t\t\t<div class=\"elementor-element elementor-element-56c7f0c elementor-widget elementor-widget-button\" data-id=\"56c7f0c\" data-element_type=\"widget\" data-e-type=\"widget\" data-widget_type=\"button.default\">\n\t\t\t\t\t\t\t\t\t\t<a class=\"elementor-button elementor-button-link elementor-size-sm elementor-animation-wobble-horizontal\" href=\"\/eu\/contacto\/\">\n\t\t\t\t\t\t<span class=\"elementor-button-content-wrapper\">\n\t\t\t\t\t\t\t\t\t<span class=\"elementor-button-text\">Jarri gurekin harremanetan<\/span>\n\t\t\t\t\t<\/span>\n\t\t\t\t\t<\/a>\n\t\t\t\t\t\t\t\t<\/div>\n\t\t\t\t<\/div>\n\t\t\t\t\t<\/div>\n\t\t\t\t<\/div>\n\t\t\t\t<\/div>","protected":false},"excerpt":{"rendered":"<p>Masaje terap\u00e9utico Descubre los beneficios de un masaje a tu medida. El Masaje Terap\u00e9utico que ofrezco es una integraci\u00f3n de diferentes disciplinas, aplicando cada una en funci\u00f3n de tus necesidades espec\u00edficas. Utilizo t\u00e9cnicas de Shiatsu, Quiromasaje, Masaje Tuina para crear un masaje personalizado y efectivo. Un masaje terap\u00e9utico adecuado puede brindarte beneficios integrales, actuando a [&hellip;]<\/p>\n","protected":false},"author":1,"featured_media":0,"parent":0,"menu_order":0,"comment_status":"closed","ping_status":"closed","template":"elementor_canvas","meta":{"footnotes":""},"class_list":["post-23","page","type-page","status-publish","hentry"],"yoast_head":"<!-- This site is optimized with the Yoast SEO plugin v27.3 - https:\/\/yoast.com\/product\/yoast-seo-wordpress\/ -->\n<title>Masaje terap\u00e9utico - IZEN SALUD<\/title>\n<meta name=\"robots\" content=\"index, follow, max-snippet:-1, max-image-preview:large, max-video-preview:-1\" \/>\n<link rel=\"canonical\" href=\"https:\/\/izensalud.com\/eu\/masaje-terapeutico\/\" \/>\n<meta property=\"og:locale\" content=\"en_US\" \/>\n<meta property=\"og:type\" content=\"article\" \/>\n<meta property=\"og:title\" content=\"Masaje terap\u00e9utico - IZEN SALUD\" \/>\n<meta property=\"og:description\" content=\"Masaje terap\u00e9utico Descubre los beneficios de un masaje a tu medida. El Masaje Terap\u00e9utico que ofrezco es una integraci\u00f3n de diferentes disciplinas, aplicando cada una en funci\u00f3n de tus necesidades espec\u00edficas. Utilizo t\u00e9cnicas de Shiatsu, Quiromasaje, Masaje Tuina para crear un masaje personalizado y efectivo. Un masaje terap\u00e9utico adecuado puede brindarte beneficios integrales, actuando a [&hellip;]\" \/>\n<meta property=\"og:url\" content=\"https:\/\/izensalud.com\/eu\/masaje-terapeutico\/\" \/>\n<meta property=\"og:site_name\" content=\"IZEN SALUD\" \/>\n<meta property=\"article:modified_time\" content=\"2026-02-04T09:29:25+00:00\" \/>\n<meta name=\"twitter:card\" content=\"summary_large_image\" \/>\n<meta name=\"twitter:label1\" content=\"Est. reading time\" \/>\n\t<meta name=\"twitter:data1\" content=\"1 minutua\" \/>\n<script type=\"application\/ld+json\" class=\"yoast-schema-graph\">{\"@context\":\"https:\\\/\\\/schema.org\",\"@graph\":[{\"@type\":\"WebPage\",\"@id\":\"https:\\\/\\\/izensalud.com\\\/masaje-terapeutico\\\/\",\"url\":\"https:\\\/\\\/izensalud.com\\\/masaje-terapeutico\\\/\",\"name\":\"Masaje terap\u00e9utico - IZEN SALUD\",\"isPartOf\":{\"@id\":\"https:\\\/\\\/izensalud.com\\\/#website\"},\"datePublished\":\"2025-09-04T10:07:59+00:00\",\"dateModified\":\"2026-02-04T09:29:25+00:00\",\"breadcrumb\":{\"@id\":\"https:\\\/\\\/izensalud.com\\\/masaje-terapeutico\\\/#breadcrumb\"},\"inLanguage\":\"eu\",\"potentialAction\":[{\"@type\":\"ReadAction\",\"target\":[\"https:\\\/\\\/izensalud.com\\\/masaje-terapeutico\\\/\"]}]},{\"@type\":\"BreadcrumbList\",\"@id\":\"https:\\\/\\\/izensalud.com\\\/masaje-terapeutico\\\/#breadcrumb\",\"itemListElement\":[{\"@type\":\"ListItem\",\"position\":1,\"name\":\"Portada\",\"item\":\"https:\\\/\\\/izensalud.com\\\/\"},{\"@type\":\"ListItem\",\"position\":2,\"name\":\"Masaje terap\u00e9utico\"}]},{\"@type\":\"WebSite\",\"@id\":\"https:\\\/\\\/izensalud.com\\\/#website\",\"url\":\"https:\\\/\\\/izensalud.com\\\/\",\"name\":\"IZEN SALUD\",\"description\":\"\",\"publisher\":{\"@id\":\"https:\\\/\\\/izensalud.com\\\/#organization\"},\"potentialAction\":[{\"@type\":\"SearchAction\",\"target\":{\"@type\":\"EntryPoint\",\"urlTemplate\":\"https:\\\/\\\/izensalud.com\\\/?s={search_term_string}\"},\"query-input\":{\"@type\":\"PropertyValueSpecification\",\"valueRequired\":true,\"valueName\":\"search_term_string\"}}],\"inLanguage\":\"eu\"},{\"@type\":\"Organization\",\"@id\":\"https:\\\/\\\/izensalud.com\\\/#organization\",\"name\":\"IZEN SALUD\",\"url\":\"https:\\\/\\\/izensalud.com\\\/\",\"logo\":{\"@type\":\"ImageObject\",\"inLanguage\":\"eu\",\"@id\":\"https:\\\/\\\/izensalud.com\\\/#\\\/schema\\\/logo\\\/image\\\/\",\"url\":\"https:\\\/\\\/izensalud.com\\\/wp-content\\\/uploads\\\/2025\\\/09\\\/cropped-cropped-Diseno-sin-titulo.png\",\"contentUrl\":\"https:\\\/\\\/izensalud.com\\\/wp-content\\\/uploads\\\/2025\\\/09\\\/cropped-cropped-Diseno-sin-titulo.png\",\"width\":354,\"height\":253,\"caption\":\"IZEN SALUD\"},\"image\":{\"@id\":\"https:\\\/\\\/izensalud.com\\\/#\\\/schema\\\/logo\\\/image\\\/\"}}]}<\/script>\n<!-- \/ Yoast SEO plugin. -->","yoast_head_json":{"title":"Masaje terap\u00e9utico - IZEN SALUD","robots":{"index":"index","follow":"follow","max-snippet":"max-snippet:-1","max-image-preview":"max-image-preview:large","max-video-preview":"max-video-preview:-1"},"canonical":"https:\/\/izensalud.com\/eu\/masaje-terapeutico\/","og_locale":"en_US","og_type":"article","og_title":"Masaje terap\u00e9utico - IZEN SALUD","og_description":"Masaje terap\u00e9utico Descubre los beneficios de un masaje a tu medida. El Masaje Terap\u00e9utico que ofrezco es una integraci\u00f3n de diferentes disciplinas, aplicando cada una en funci\u00f3n de tus necesidades espec\u00edficas. Utilizo t\u00e9cnicas de Shiatsu, Quiromasaje, Masaje Tuina para crear un masaje personalizado y efectivo. Un masaje terap\u00e9utico adecuado puede brindarte beneficios integrales, actuando a [&hellip;]","og_url":"https:\/\/izensalud.com\/eu\/masaje-terapeutico\/","og_site_name":"IZEN SALUD","article_modified_time":"2026-02-04T09:29:25+00:00","twitter_card":"summary_large_image","twitter_misc":{"Est. reading time":"1 minutua"},"schema":{"@context":"https:\/\/schema.org","@graph":[{"@type":"WebPage","@id":"https:\/\/izensalud.com\/masaje-terapeutico\/","url":"https:\/\/izensalud.com\/masaje-terapeutico\/","name":"Masaje terap\u00e9utico - IZEN SALUD","isPartOf":{"@id":"https:\/\/izensalud.com\/#website"},"datePublished":"2025-09-04T10:07:59+00:00","dateModified":"2026-02-04T09:29:25+00:00","breadcrumb":{"@id":"https:\/\/izensalud.com\/masaje-terapeutico\/#breadcrumb"},"inLanguage":"eu","potentialAction":[{"@type":"ReadAction","target":["https:\/\/izensalud.com\/masaje-terapeutico\/"]}]},{"@type":"BreadcrumbList","@id":"https:\/\/izensalud.com\/masaje-terapeutico\/#breadcrumb","itemListElement":[{"@type":"ListItem","position":1,"name":"Portada","item":"https:\/\/izensalud.com\/"},{"@type":"ListItem","position":2,"name":"Masaje terap\u00e9utico"}]},{"@type":"WebSite","@id":"https:\/\/izensalud.com\/#website","url":"https:\/\/izensalud.com\/","name":"IZEN SALUD","description":"","publisher":{"@id":"https:\/\/izensalud.com\/#organization"},"potentialAction":[{"@type":"SearchAction","target":{"@type":"EntryPoint","urlTemplate":"https:\/\/izensalud.com\/?s={search_term_string}"},"query-input":{"@type":"PropertyValueSpecification","valueRequired":true,"valueName":"search_term_string"}}],"inLanguage":"eu"},{"@type":"Organization","@id":"https:\/\/izensalud.com\/#organization","name":"IZEN SALUD","url":"https:\/\/izensalud.com\/","logo":{"@type":"ImageObject","inLanguage":"eu","@id":"https:\/\/izensalud.com\/#\/schema\/logo\/image\/","url":"https:\/\/izensalud.com\/wp-content\/uploads\/2025\/09\/cropped-cropped-Diseno-sin-titulo.png","contentUrl":"https:\/\/izensalud.com\/wp-content\/uploads\/2025\/09\/cropped-cropped-Diseno-sin-titulo.png","width":354,"height":253,"caption":"IZEN SALUD"},"image":{"@id":"https:\/\/izensalud.com\/#\/schema\/logo\/image\/"}}]}},"_links":{"self":[{"href":"https:\/\/izensalud.com\/eu\/wp-json\/wp\/v2\/pages\/23","targetHints":{"allow":["GET"]}}],"collection":[{"href":"https:\/\/izensalud.com\/eu\/wp-json\/wp\/v2\/pages"}],"about":[{"href":"https:\/\/izensalud.com\/eu\/wp-json\/wp\/v2\/types\/page"}],"author":[{"embeddable":true,"href":"https:\/\/izensalud.com\/eu\/wp-json\/wp\/v2\/users\/1"}],"replies":[{"embeddable":true,"href":"https:\/\/izensalud.com\/eu\/wp-json\/wp\/v2\/comments?post=23"}],"version-history":[{"count":109,"href":"https:\/\/izensalud.com\/eu\/wp-json\/wp\/v2\/pages\/23\/revisions"}],"predecessor-version":[{"id":1566,"href":"https:\/\/izensalud.com\/eu\/wp-json\/wp\/v2\/pages\/23\/revisions\/1566"}],"wp:attachment":[{"href":"https:\/\/izensalud.com\/eu\/wp-json\/wp\/v2\/media?parent=23"}],"curies":[{"name":"wp","href":"https:\/\/api.w.org\/{rel}","templated":true}]}}