{"id":22,"date":"2025-09-04T10:07:44","date_gmt":"2025-09-04T10:07:44","guid":{"rendered":"https:\/\/izensalud20250904.rkinformatika.online\/?page_id=22"},"modified":"2026-02-04T09:20:32","modified_gmt":"2026-02-04T09:20:32","slug":"acupuntura","status":"publish","type":"page","link":"https:\/\/izensalud.com\/eu\/acupuntura\/","title":{"rendered":"Akupuntura"},"content":{"rendered":"<div data-elementor-type=\"wp-page\" data-elementor-id=\"22\" class=\"elementor elementor-22\" data-elementor-post-type=\"page\">\n\t\t\t\t<div class=\"elementor-element elementor-element-9af8c2c e-flex e-con-boxed e-con e-parent\" data-id=\"9af8c2c\" data-element_type=\"container\" data-e-type=\"container\" data-settings=\"{&quot;background_background&quot;:&quot;classic&quot;}\">\n\t\t\t\t\t<div class=\"e-con-inner\">\n\t\t\t\t<div class=\"elementor-element elementor-element-bb826b8 elementor-invisible elementor-widget elementor-widget-heading\" data-id=\"bb826b8\" data-element_type=\"widget\" data-e-type=\"widget\" data-settings=\"{&quot;_animation&quot;:&quot;fadeInRight&quot;}\" data-widget_type=\"heading.default\">\n\t\t\t\t\t<h2 class=\"elementor-heading-title elementor-size-default\">Akupuntura<\/h2>\t\t\t\t<\/div>\n\t\t\t\t\t<\/div>\n\t\t\t\t<\/div>\n\t\t<div class=\"elementor-element elementor-element-1265e47 e-flex e-con-boxed e-con e-parent\" data-id=\"1265e47\" data-element_type=\"container\" data-e-type=\"container\">\n\t\t\t\t\t<div class=\"e-con-inner\">\n\t\t<div class=\"elementor-element elementor-element-b4ef485 e-con-full e-flex e-con e-child\" data-id=\"b4ef485\" data-element_type=\"container\" data-e-type=\"container\">\n\t\t\t\t<div class=\"elementor-element elementor-element-21fda30 elementor-widget elementor-widget-heading\" data-id=\"21fda30\" data-element_type=\"widget\" data-e-type=\"widget\" data-widget_type=\"heading.default\">\n\t\t\t\t\t<h2 class=\"elementor-heading-title elementor-size-default\">Armon\u00eda Milenaria con Agujas y calor<\/h2>\t\t\t\t<\/div>\n\t\t\t\t<div class=\"elementor-element elementor-element-3f858d5 elementor-widget elementor-widget-text-editor\" data-id=\"3f858d5\" data-element_type=\"widget\" data-e-type=\"widget\" data-widget_type=\"text-editor.default\">\n\t\t\t\t\t\t\t\t\t<p data-start=\"181\" data-end=\"239\">La acupuntura, con m\u00e1s de 3000 a\u00f1os de historia, es una de las piedras angulares de la Medicina Tradicional China. Esta t\u00e9cnica reconocida a nivel mundial por la Organizaci\u00f3n Mundial de la Salud (OMS) desde 1979 por su eficacia en el tratamiento de m\u00e1s de 50 enfermedades, se basa en la inserci\u00f3n suave y precisa de fin\u00edsimas agujas en puntos espec\u00edficos del cuerpo.<\/p><p data-start=\"181\" data-end=\"239\">\u00bfPara qu\u00e9 sirve? Su objetivo es restablecer el flujo de energ\u00eda vital (Qi) devolviendo al organismo su equilibrio natural y promoviendo su capacidad innata de sanaci\u00f3n.<\/p><p data-start=\"181\" data-end=\"239\">Para potenciar sus efectos, a menudo combino el uso de las agujas con moxibusti\u00f3n (moxa), una t\u00e9cnica basada en aplicar calo suave en los puntos acupunturales. Esta combinaci\u00f3n es especialmente efectiva para:<\/p><ul><li data-start=\"181\" data-end=\"239\">Aliviar dolor muscular y articular<\/li><li data-start=\"181\" data-end=\"239\">Reducir estr\u00e9s y ansiedad<\/li><li data-start=\"181\" data-end=\"239\">Mejorar la circulaci\u00f3n energ\u00e9tica y sangu\u00ednea<\/li><li data-start=\"181\" data-end=\"239\">Fortalecer el sistema inmunol\u00f3gico<\/li><li data-start=\"181\" data-end=\"239\">Regular las funciones de los \u00f3rganos.<\/li><\/ul><p>Es un m\u00e9todo seguro, minimalista y profundamente eficaz, para que tu cuerpo encuentre de nuevo su camino al bienestar.<\/p>\t\t\t\t\t\t\t\t<\/div>\n\t\t\t\t<\/div>\n\t\t\t\t\t<\/div>\n\t\t\t\t<\/div>\n\t\t<div class=\"elementor-element elementor-element-df10d0d e-flex e-con-boxed e-con e-parent\" data-id=\"df10d0d\" data-element_type=\"container\" data-e-type=\"container\">\n\t\t\t\t\t<div class=\"e-con-inner\">\n\t\t<div class=\"elementor-element elementor-element-25bd429 e-con-full e-flex e-con e-child\" data-id=\"25bd429\" data-element_type=\"container\" data-e-type=\"container\" data-settings=\"{&quot;background_background&quot;:&quot;classic&quot;}\">\n\t\t\t\t<div class=\"elementor-element elementor-element-b525a29 elementor-widget elementor-widget-heading\" data-id=\"b525a29\" data-element_type=\"widget\" data-e-type=\"widget\" data-widget_type=\"heading.default\">\n\t\t\t\t\t<h2 class=\"elementor-heading-title elementor-size-default\">\u00bfTienes preguntas o quieres reservar una sesi\u00f3n?<\/h2>\t\t\t\t<\/div>\n\t\t\t\t<div class=\"elementor-element elementor-element-4337c9a elementor-widget elementor-widget-heading\" data-id=\"4337c9a\" data-element_type=\"widget\" data-e-type=\"widget\" data-widget_type=\"heading.default\">\n\t\t\t\t\t<h2 class=\"elementor-heading-title elementor-size-default\">Cont\u00e1ctanos para m\u00e1s info o agendar tu sesi\u00f3n.<\/h2>\t\t\t\t<\/div>\n\t\t\t\t<div class=\"elementor-element elementor-element-6fa0cd3 elementor-widget elementor-widget-button\" data-id=\"6fa0cd3\" data-element_type=\"widget\" data-e-type=\"widget\" data-widget_type=\"button.default\">\n\t\t\t\t\t\t\t\t\t\t<a class=\"elementor-button elementor-button-link elementor-size-sm elementor-animation-wobble-horizontal\" href=\"\/eu\/contacto\/\">\n\t\t\t\t\t\t<span class=\"elementor-button-content-wrapper\">\n\t\t\t\t\t\t\t\t\t<span class=\"elementor-button-text\">Jarri gurekin harremanetan<\/span>\n\t\t\t\t\t<\/span>\n\t\t\t\t\t<\/a>\n\t\t\t\t\t\t\t\t<\/div>\n\t\t\t\t<\/div>\n\t\t\t\t\t<\/div>\n\t\t\t\t<\/div>\n\t\t\t\t<\/div>","protected":false},"excerpt":{"rendered":"<p>Acupuntura Armon\u00eda Milenaria con Agujas y calor La acupuntura, con m\u00e1s de 3000 a\u00f1os de historia, es una de las piedras angulares de la Medicina Tradicional China. Esta t\u00e9cnica reconocida a nivel mundial por la Organizaci\u00f3n Mundial de la Salud (OMS) desde 1979 por su eficacia en el tratamiento de m\u00e1s de 50 enfermedades, se [&hellip;]<\/p>\n","protected":false},"author":1,"featured_media":0,"parent":0,"menu_order":0,"comment_status":"closed","ping_status":"closed","template":"elementor_canvas","meta":{"footnotes":""},"class_list":["post-22","page","type-page","status-publish","hentry"],"yoast_head":"<!-- This site is optimized with the Yoast SEO plugin v27.3 - https:\/\/yoast.com\/product\/yoast-seo-wordpress\/ -->\n<title>Acupuntura - IZEN SALUD<\/title>\n<meta name=\"robots\" content=\"index, follow, max-snippet:-1, max-image-preview:large, max-video-preview:-1\" \/>\n<link rel=\"canonical\" href=\"https:\/\/izensalud.com\/eu\/acupuntura\/\" \/>\n<meta property=\"og:locale\" content=\"en_US\" \/>\n<meta property=\"og:type\" content=\"article\" \/>\n<meta property=\"og:title\" content=\"Acupuntura - IZEN SALUD\" \/>\n<meta property=\"og:description\" content=\"Acupuntura Armon\u00eda Milenaria con Agujas y calor La acupuntura, con m\u00e1s de 3000 a\u00f1os de historia, es una de las piedras angulares de la Medicina Tradicional China. Esta t\u00e9cnica reconocida a nivel mundial por la Organizaci\u00f3n Mundial de la Salud (OMS) desde 1979 por su eficacia en el tratamiento de m\u00e1s de 50 enfermedades, se [&hellip;]\" \/>\n<meta property=\"og:url\" content=\"https:\/\/izensalud.com\/eu\/acupuntura\/\" \/>\n<meta property=\"og:site_name\" content=\"IZEN SALUD\" \/>\n<meta property=\"article:modified_time\" content=\"2026-02-04T09:20:32+00:00\" \/>\n<meta name=\"twitter:card\" content=\"summary_large_image\" \/>\n<meta name=\"twitter:label1\" content=\"Est. reading time\" \/>\n\t<meta name=\"twitter:data1\" content=\"1 minutua\" \/>\n<script type=\"application\/ld+json\" class=\"yoast-schema-graph\">{\"@context\":\"https:\\\/\\\/schema.org\",\"@graph\":[{\"@type\":\"WebPage\",\"@id\":\"https:\\\/\\\/izensalud.com\\\/acupuntura\\\/\",\"url\":\"https:\\\/\\\/izensalud.com\\\/acupuntura\\\/\",\"name\":\"Acupuntura - IZEN SALUD\",\"isPartOf\":{\"@id\":\"https:\\\/\\\/izensalud.com\\\/#website\"},\"datePublished\":\"2025-09-04T10:07:44+00:00\",\"dateModified\":\"2026-02-04T09:20:32+00:00\",\"breadcrumb\":{\"@id\":\"https:\\\/\\\/izensalud.com\\\/acupuntura\\\/#breadcrumb\"},\"inLanguage\":\"eu\",\"potentialAction\":[{\"@type\":\"ReadAction\",\"target\":[\"https:\\\/\\\/izensalud.com\\\/acupuntura\\\/\"]}]},{\"@type\":\"BreadcrumbList\",\"@id\":\"https:\\\/\\\/izensalud.com\\\/acupuntura\\\/#breadcrumb\",\"itemListElement\":[{\"@type\":\"ListItem\",\"position\":1,\"name\":\"Portada\",\"item\":\"https:\\\/\\\/izensalud.com\\\/\"},{\"@type\":\"ListItem\",\"position\":2,\"name\":\"Acupuntura\"}]},{\"@type\":\"WebSite\",\"@id\":\"https:\\\/\\\/izensalud.com\\\/#website\",\"url\":\"https:\\\/\\\/izensalud.com\\\/\",\"name\":\"IZEN SALUD\",\"description\":\"\",\"publisher\":{\"@id\":\"https:\\\/\\\/izensalud.com\\\/#organization\"},\"potentialAction\":[{\"@type\":\"SearchAction\",\"target\":{\"@type\":\"EntryPoint\",\"urlTemplate\":\"https:\\\/\\\/izensalud.com\\\/?s={search_term_string}\"},\"query-input\":{\"@type\":\"PropertyValueSpecification\",\"valueRequired\":true,\"valueName\":\"search_term_string\"}}],\"inLanguage\":\"eu\"},{\"@type\":\"Organization\",\"@id\":\"https:\\\/\\\/izensalud.com\\\/#organization\",\"name\":\"IZEN SALUD\",\"url\":\"https:\\\/\\\/izensalud.com\\\/\",\"logo\":{\"@type\":\"ImageObject\",\"inLanguage\":\"eu\",\"@id\":\"https:\\\/\\\/izensalud.com\\\/#\\\/schema\\\/logo\\\/image\\\/\",\"url\":\"https:\\\/\\\/izensalud.com\\\/wp-content\\\/uploads\\\/2025\\\/09\\\/cropped-cropped-Diseno-sin-titulo.png\",\"contentUrl\":\"https:\\\/\\\/izensalud.com\\\/wp-content\\\/uploads\\\/2025\\\/09\\\/cropped-cropped-Diseno-sin-titulo.png\",\"width\":354,\"height\":253,\"caption\":\"IZEN SALUD\"},\"image\":{\"@id\":\"https:\\\/\\\/izensalud.com\\\/#\\\/schema\\\/logo\\\/image\\\/\"}}]}<\/script>\n<!-- \/ Yoast SEO plugin. -->","yoast_head_json":{"title":"Acupuntura - IZEN SALUD","robots":{"index":"index","follow":"follow","max-snippet":"max-snippet:-1","max-image-preview":"max-image-preview:large","max-video-preview":"max-video-preview:-1"},"canonical":"https:\/\/izensalud.com\/eu\/acupuntura\/","og_locale":"en_US","og_type":"article","og_title":"Acupuntura - IZEN SALUD","og_description":"Acupuntura Armon\u00eda Milenaria con Agujas y calor La acupuntura, con m\u00e1s de 3000 a\u00f1os de historia, es una de las piedras angulares de la Medicina Tradicional China. Esta t\u00e9cnica reconocida a nivel mundial por la Organizaci\u00f3n Mundial de la Salud (OMS) desde 1979 por su eficacia en el tratamiento de m\u00e1s de 50 enfermedades, se [&hellip;]","og_url":"https:\/\/izensalud.com\/eu\/acupuntura\/","og_site_name":"IZEN SALUD","article_modified_time":"2026-02-04T09:20:32+00:00","twitter_card":"summary_large_image","twitter_misc":{"Est. reading time":"1 minutua"},"schema":{"@context":"https:\/\/schema.org","@graph":[{"@type":"WebPage","@id":"https:\/\/izensalud.com\/acupuntura\/","url":"https:\/\/izensalud.com\/acupuntura\/","name":"Acupuntura - IZEN SALUD","isPartOf":{"@id":"https:\/\/izensalud.com\/#website"},"datePublished":"2025-09-04T10:07:44+00:00","dateModified":"2026-02-04T09:20:32+00:00","breadcrumb":{"@id":"https:\/\/izensalud.com\/acupuntura\/#breadcrumb"},"inLanguage":"eu","potentialAction":[{"@type":"ReadAction","target":["https:\/\/izensalud.com\/acupuntura\/"]}]},{"@type":"BreadcrumbList","@id":"https:\/\/izensalud.com\/acupuntura\/#breadcrumb","itemListElement":[{"@type":"ListItem","position":1,"name":"Portada","item":"https:\/\/izensalud.com\/"},{"@type":"ListItem","position":2,"name":"Acupuntura"}]},{"@type":"WebSite","@id":"https:\/\/izensalud.com\/#website","url":"https:\/\/izensalud.com\/","name":"IZEN SALUD","description":"","publisher":{"@id":"https:\/\/izensalud.com\/#organization"},"potentialAction":[{"@type":"SearchAction","target":{"@type":"EntryPoint","urlTemplate":"https:\/\/izensalud.com\/?s={search_term_string}"},"query-input":{"@type":"PropertyValueSpecification","valueRequired":true,"valueName":"search_term_string"}}],"inLanguage":"eu"},{"@type":"Organization","@id":"https:\/\/izensalud.com\/#organization","name":"IZEN SALUD","url":"https:\/\/izensalud.com\/","logo":{"@type":"ImageObject","inLanguage":"eu","@id":"https:\/\/izensalud.com\/#\/schema\/logo\/image\/","url":"https:\/\/izensalud.com\/wp-content\/uploads\/2025\/09\/cropped-cropped-Diseno-sin-titulo.png","contentUrl":"https:\/\/izensalud.com\/wp-content\/uploads\/2025\/09\/cropped-cropped-Diseno-sin-titulo.png","width":354,"height":253,"caption":"IZEN SALUD"},"image":{"@id":"https:\/\/izensalud.com\/#\/schema\/logo\/image\/"}}]}},"_links":{"self":[{"href":"https:\/\/izensalud.com\/eu\/wp-json\/wp\/v2\/pages\/22","targetHints":{"allow":["GET"]}}],"collection":[{"href":"https:\/\/izensalud.com\/eu\/wp-json\/wp\/v2\/pages"}],"about":[{"href":"https:\/\/izensalud.com\/eu\/wp-json\/wp\/v2\/types\/page"}],"author":[{"embeddable":true,"href":"https:\/\/izensalud.com\/eu\/wp-json\/wp\/v2\/users\/1"}],"replies":[{"embeddable":true,"href":"https:\/\/izensalud.com\/eu\/wp-json\/wp\/v2\/comments?post=22"}],"version-history":[{"count":103,"href":"https:\/\/izensalud.com\/eu\/wp-json\/wp\/v2\/pages\/22\/revisions"}],"predecessor-version":[{"id":1519,"href":"https:\/\/izensalud.com\/eu\/wp-json\/wp\/v2\/pages\/22\/revisions\/1519"}],"wp:attachment":[{"href":"https:\/\/izensalud.com\/eu\/wp-json\/wp\/v2\/media?parent=22"}],"curies":[{"name":"wp","href":"https:\/\/api.w.org\/{rel}","templated":true}]}}